{"id":334,"date":"2019-10-02T08:24:29","date_gmt":"2019-10-02T08:24:29","guid":{"rendered":"http:\/\/richter-jacobs.de\/?page_id=334"},"modified":"2019-10-02T10:31:17","modified_gmt":"2019-10-02T10:31:17","slug":"__trashed","status":"publish","type":"page","link":"http:\/\/richter-jacobs.de\/?page_id=334","title":{"rendered":"Impressum"},"content":{"rendered":"\n<h5 class=\"wp-block-heading\"> Angaben gem\u00e4\u00df \u00a7 5 TMG <\/h5>\n\n\n\n<table class=\"wp-block-table is-style-regular\"><tbody><tr><td>Richter Jacobs Architekten<\/td><td><\/td><\/tr><tr><td>Dorfstra\u00dfe 6  <\/td><td><\/td><\/tr><tr><td>12621 Berlin  <\/td><td><\/td><\/tr><tr><td><\/td><td><\/td><\/tr><\/tbody><\/table>\n\n\n\n<h5 class=\"wp-block-heading\">Vertreten durch<\/h5>\n\n\n\n<table class=\"wp-block-table is-style-regular\"><tbody><tr><td>Tony Jacobs, M.Sc. Architektur<\/td><\/tr><tr><td>Charlotte Richter, M.Sc. Architektin <\/td><\/tr><\/tbody><\/table>\n\n\n\n<h5 class=\"wp-block-heading\"> Kontakt<\/h5>\n\n\n\n<table class=\"wp-block-table\"><tbody><tr><td>Telefon: +49 (0)30 562911-10 <\/td><\/tr><tr><td>E-Mail: info [at] richter-jacobs.de<\/td><\/tr><\/tbody><\/table>\n\n\n\n<h5 class=\"wp-block-heading\">Aufsichtsbeh\u00f6rde und&nbsp;Berufsrechtliche Regelungen<\/h5>\n\n\n\n<table class=\"wp-block-table\"><tbody><tr><td>Frau Richter ist unter der Nr. 14663 in die Liste der <br>Architektinnen und  Architekten&nbsp;der Berliner <br>Architektenkammer eingetragen und  ist berechtigt,&nbsp;die <br>Berufsbezeichnung Architektin zu f\u00fchren. <\/td><\/tr><tr><td>Architektenkammer Berlin <br>Karl Marx-Allee 78<br>10243 Berlin<br>Die ma\u00dfgebenden berufsrechtlichen  Regelungen sind <br>einsehbar unter: <a href=\"http:\/\/www.ak-berlin.de\">ak-berlin.de<\/a><\/td><\/tr><\/tbody><\/table>\n\n\n\n<h5 class=\"wp-block-heading\">Verantwortlich f\u00fcr den Inhalt nach \u00a7 55 Abs. 2 RStV<\/h5>\n\n\n\n<table class=\"wp-block-table\"><tbody><tr><td>Charlotte Richter<\/td><\/tr><tr><td>Richter Jacobs Architekten<\/td><\/tr><tr><td>Dorfstra\u00dfe 6<\/td><\/tr><tr><td>12621 Berlin<\/td><\/tr><\/tbody><\/table>\n\n\n\n<h5 class=\"wp-block-heading\">Haftungsausschluss (Disclaimer)<\/h5>\n\n\n\n<table class=\"wp-block-table is-style-regular\"><tbody><tr><td>HAFTUNG F\u00dcR INHALTE<br>Als Diensteanbieter sind wir gem\u00e4\u00df \u00a7 7 Abs.1 TMG f\u00fcr eigene <br>Inhalte  auf diesen Seiten nach den allgemeinen Gesetzen <br>verantwortlich. Nach \u00a7\u00a7 8  bis 10 TMG sind wir als <br>Diensteanbieter jedoch nicht verpflichtet,  \u00fcbermittelte oder <br>gespeicherte fremde Informationen zu \u00fcberwachen oder nach Umst\u00e4nden zu forschen, die auf eine rechtswidrige T\u00e4tigkeit  <br>hinweisen.<br>Verpflichtungen zur Entfernung oder Sperrung der Nutzung von  Informationen nach den allgemeinen Gesetzen bleiben hiervon unber\u00fchrt.  Eine diesbez\u00fcgliche Haftung ist jedoch erst ab dem Zeitpunkt der  Kenntnis einer konkreten Rechtsverletzung <br>m\u00f6glich. Bei Bekanntwerden von  entsprechenden <br>Rechtsverletzungen werden wir diese Inhalte umgehend <br>entfernen. <\/td><\/tr><tr><td>HAFTUNG F\u00dcR LINKS<br>Unser Angebot enth\u00e4lt Links zu externen Webseiten Dritter, auf deren  Inhalte wir keinen Einfluss haben. Deshalb k\u00f6nnen wir f\u00fcr diese fremden  Inhalte auch keine Gew\u00e4hr \u00fcbernehmen. F\u00fcr die Inhalte der verlinkten  Seiten ist stets der jeweilige Anbieter <br>oder Betreiber der Seiten  verantwortlich. Die verlinkten Seiten wurden zum Zeitpunkt der  Verlinkung auf m\u00f6gliche <br>Rechtsverst\u00f6\u00dfe \u00fcberpr\u00fcft. Rechtswidrige Inhalte  waren zum <br>Zeitpunkt der Verlinkung nicht erkennbar.<br>Eine permanente inhaltliche Kontrolle der verlinkten Seiten ist  <br>jedoch ohne konkrete Anhaltspunkte einer Rechtsverletzung <br>nicht  zumutbar. Bei Bekanntwerden von Rechtsverletzungen <br>werden wir derartige  Links umgehend entfernen. <\/td><\/tr><tr><td>URHEBERRECHT<br>Die durch die Seitenbetreiber erstellten Inhalte und Werke auf <br>diesen  Seiten unterliegen dem deutschen&nbsp;Urheberrecht. Die <br>Vervielf\u00e4ltigung,  Bearbeitung, Verbreitung und jede Art der <br>Verwertung au\u00dferhalb  der&nbsp;Grenzen des Urheberrechtes <br>bed\u00fcrfen der schriftlichen Zustimmung des  jeweiligen Autors <br>bzw.&nbsp;Erstellers. Downloads und Kopien dieser Seite  sind nur f\u00fcr den privaten, nicht kommerziellen  Gebrauch&nbsp;gestattet.&nbsp;Soweit die Inhalte auf dieser Seite nicht vom  Betreiber erstellt wurden, werden die Urheberrechte Dritter&nbsp;beachtet.  Insbesondere <br>werden Inhalte Dritter als solche gekennzeichnet. Sollten  Sie <br>trotzdem auf eine&nbsp;Urheberrechtsverletzung aufmerksam <br>werden, bitten  wir um einen entsprechenden Hinweis. Bei&nbsp;<br>Bekanntwerden von  Rechtsverletzungen werden wir derartige <br>Inhalte umgehend entfernen.  Fotografien und Visualisierungen auf dieser Seite stammen von Charlotte Richter\/ Tony Jacobs\/ <br>Christopher Jarchow<\/td><\/tr><\/tbody><\/table>\n\n\n\n<h5 class=\"wp-block-heading\">WordPress Theme von <a href=\"https:\/\/www.andersnoren.se\">Anders Nor\u00e9n<\/a><\/h5>\n","protected":false},"excerpt":{"rendered":"<p>Angaben gem\u00e4\u00df \u00a7 5 TMG Richter Jacobs Architekten Dorfstra\u00dfe 6 12621 Berlin Vertreten durch Tony Jacobs, M.Sc. Architektur Charlotte Richter, M.Sc. Architektin Kontakt Telefon: +49 (0)30 562911-10 E-Mail: info [at] richter-jacobs.de Aufsichtsbeh\u00f6rde und&nbsp;Berufsrechtliche Regelungen Frau Richter ist unter der Nr. 14663 in die Liste der Architektinnen und Architekten&nbsp;der Berliner Architektenkammer eingetragen und ist berechtigt,&nbsp;die Berufsbezeichnung [&hellip;]<\/p>\n","protected":false},"author":1,"featured_media":0,"parent":65,"menu_order":4,"comment_status":"closed","ping_status":"closed","template":"","meta":{"footnotes":""},"class_list":["post-334","page","type-page","status-publish","hentry","missing-thumbnail"],"_links":{"self":[{"href":"http:\/\/richter-jacobs.de\/index.php?rest_route=\/wp\/v2\/pages\/334","targetHints":{"allow":["GET"]}}],"collection":[{"href":"http:\/\/richter-jacobs.de\/index.php?rest_route=\/wp\/v2\/pages"}],"about":[{"href":"http:\/\/richter-jacobs.de\/index.php?rest_route=\/wp\/v2\/types\/page"}],"author":[{"embeddable":true,"href":"http:\/\/richter-jacobs.de\/index.php?rest_route=\/wp\/v2\/users\/1"}],"replies":[{"embeddable":true,"href":"http:\/\/richter-jacobs.de\/index.php?rest_route=%2Fwp%2Fv2%2Fcomments&post=334"}],"version-history":[{"count":19,"href":"http:\/\/richter-jacobs.de\/index.php?rest_route=\/wp\/v2\/pages\/334\/revisions"}],"predecessor-version":[{"id":381,"href":"http:\/\/richter-jacobs.de\/index.php?rest_route=\/wp\/v2\/pages\/334\/revisions\/381"}],"up":[{"embeddable":true,"href":"http:\/\/richter-jacobs.de\/index.php?rest_route=\/wp\/v2\/pages\/65"}],"wp:attachment":[{"href":"http:\/\/richter-jacobs.de\/index.php?rest_route=%2Fwp%2Fv2%2Fmedia&parent=334"}],"curies":[{"name":"wp","href":"https:\/\/api.w.org\/{rel}","templated":true}]}}