{"id":17,"date":"2016-11-07T08:34:26","date_gmt":"2016-11-07T08:34:26","guid":{"rendered":"http:\/\/richter-jacobs.de\/?page_id=17"},"modified":"2020-01-06T08:46:17","modified_gmt":"2020-01-06T08:46:17","slug":"startseite","status":"publish","type":"page","link":"http:\/\/richter-jacobs.de\/?page_id=17","title":{"rendered":"Leistungen"},"content":{"rendered":"<p>Planungsleistungen nach HOAI<\/p>\n<p>Unser Aufgabenspektrum umfasst alle Leistungsphasen gem\u00e4\u00df der Honorarordnung f\u00fcr Architekten und Ingenieure (HOAI). Wir betreuen unsere Projekte vom Entwurf, \u00fcber die Ausf\u00fchrungsplanung, Ausschreibung und Vergabe bis hin zur Bauleitung.<\/p>\n<p>Wir unterst\u00fctzen Sie bei Ihren Vorhaben<\/p>\n<ul>\n<li>in allen Leistungsphasen 1-9 nach HOAI<\/li>\n<li>Neubau<\/li>\n<li>Dachgeschossausbau<\/li>\n<li>Anbau, Umbau und Erweiterungen<\/li>\n<li>Modernisierung<\/li>\n<li>technische Instandsetzung<\/li>\n<li>Aufma\u00df und Bestandspl\u00e4ne<\/li>\n<li>Visualisierungen<\/li>\n<li>Beratung zum Immobilienkauf<\/li>\n<\/ul>\n\n\n<p>Machbarkeitsstudien  <\/p>\n\n\n\n<p>Machbarkeitsstudien sind in der Regel Grundlage f\u00fcr strategische Entscheidungen. Die  Verwirklichung Ihrer W\u00fcnsche und Vorstellungen hat f\u00fcr uns h\u00f6chste&nbsp;Priorit\u00e4t.&nbsp;Um Ihren Vorgaben gerecht zu&nbsp;werden, entwickeln wir&nbsp;mit Ihnen individuelle Projektstudien. <\/p>\n\n\n\n<p><\/p>\n","protected":false},"excerpt":{"rendered":"<p>Planungsleistungen nach HOAI Unser Aufgabenspektrum umfasst alle Leistungsphasen gem\u00e4\u00df der Honorarordnung f\u00fcr Architekten und Ingenieure (HOAI). Wir betreuen unsere Projekte vom Entwurf, \u00fcber die Ausf\u00fchrungsplanung, Ausschreibung und Vergabe bis hin zur Bauleitung. Wir unterst\u00fctzen Sie bei Ihren Vorhaben in allen Leistungsphasen 1-9 nach HOAI Neubau Dachgeschossausbau Anbau, Umbau und Erweiterungen Modernisierung technische Instandsetzung Aufma\u00df und [&hellip;]<\/p>\n","protected":false},"author":1,"featured_media":0,"parent":0,"menu_order":1,"comment_status":"closed","ping_status":"closed","template":"","meta":{"footnotes":""},"class_list":["post-17","page","type-page","status-publish","hentry","missing-thumbnail"],"_links":{"self":[{"href":"http:\/\/richter-jacobs.de\/index.php?rest_route=\/wp\/v2\/pages\/17","targetHints":{"allow":["GET"]}}],"collection":[{"href":"http:\/\/richter-jacobs.de\/index.php?rest_route=\/wp\/v2\/pages"}],"about":[{"href":"http:\/\/richter-jacobs.de\/index.php?rest_route=\/wp\/v2\/types\/page"}],"author":[{"embeddable":true,"href":"http:\/\/richter-jacobs.de\/index.php?rest_route=\/wp\/v2\/users\/1"}],"replies":[{"embeddable":true,"href":"http:\/\/richter-jacobs.de\/index.php?rest_route=%2Fwp%2Fv2%2Fcomments&post=17"}],"version-history":[{"count":13,"href":"http:\/\/richter-jacobs.de\/index.php?rest_route=\/wp\/v2\/pages\/17\/revisions"}],"predecessor-version":[{"id":398,"href":"http:\/\/richter-jacobs.de\/index.php?rest_route=\/wp\/v2\/pages\/17\/revisions\/398"}],"wp:attachment":[{"href":"http:\/\/richter-jacobs.de\/index.php?rest_route=%2Fwp%2Fv2%2Fmedia&parent=17"}],"curies":[{"name":"wp","href":"https:\/\/api.w.org\/{rel}","templated":true}]}}